{"id":26,"date":"2022-01-28T21:57:30","date_gmt":"2022-01-28T21:57:30","guid":{"rendered":"https:\/\/kohnwaagen.de\/?page_id=26"},"modified":"2022-02-11T23:39:30","modified_gmt":"2022-02-11T23:39:30","slug":"support","status":"publish","type":"page","link":"https:\/\/kohnwaagen.de\/?page_id=26","title":{"rendered":"Support"},"content":{"rendered":"\t\t<div data-elementor-type=\"wp-page\" data-elementor-id=\"26\" class=\"elementor elementor-26\">\n\t\t\t\t\t\t<section class=\"elementor-section elementor-top-section elementor-element elementor-element-1bd6e10 elementor-section-height-min-height elementor-section-boxed elementor-section-height-default elementor-section-items-middle\" data-id=\"1bd6e10\" data-element_type=\"section\" data-settings=\"{&quot;background_background&quot;:&quot;classic&quot;}\">\n\t\t\t\t\t\t\t<div class=\"elementor-background-overlay\"><\/div>\n\t\t\t\t\t\t\t<div class=\"elementor-container elementor-column-gap-default\">\n\t\t\t\t\t<div class=\"elementor-column elementor-col-50 elementor-top-column elementor-element elementor-element-c955fee\" data-id=\"c955fee\" data-element_type=\"column\" data-settings=\"{&quot;background_background&quot;:&quot;classic&quot;}\">\n\t\t\t<div class=\"elementor-widget-wrap elementor-element-populated\">\n\t\t\t\t\t\t<div class=\"elementor-element elementor-element-6e748d7 elementor-widget elementor-widget-spacer\" data-id=\"6e748d7\" data-element_type=\"widget\" data-widget_type=\"spacer.default\">\n\t\t\t\t<div class=\"elementor-widget-container\">\n\t\t\t\t\t\t\t<div class=\"elementor-spacer\">\n\t\t\t<div class=\"elementor-spacer-inner\"><\/div>\n\t\t<\/div>\n\t\t\t\t\t\t<\/div>\n\t\t\t\t<\/div>\n\t\t\t\t<div class=\"elementor-element elementor-element-99dd155 elementor-view-default elementor-widget elementor-widget-icon\" data-id=\"99dd155\" data-element_type=\"widget\" data-widget_type=\"icon.default\">\n\t\t\t\t<div class=\"elementor-widget-container\">\n\t\t\t\t\t\t\t<div class=\"elementor-icon-wrapper\">\n\t\t\t<a class=\"elementor-icon\" href=\"https:\/\/get.teamviewer.com\/647kwv6\">\n\t\t\t<svg xmlns:dc=\"http:\/\/purl.org\/dc\/elements\/1.1\/\" xmlns:cc=\"http:\/\/creativecommons.org\/ns#\" xmlns:rdf=\"http:\/\/www.w3.org\/1999\/02\/22-rdf-syntax-ns#\" xmlns:svg=\"http:\/\/www.w3.org\/2000\/svg\" xmlns=\"http:\/\/www.w3.org\/2000\/svg\" width=\"4507\" height=\"1024\" viewBox=\"0 0 4507 1024\" id=\"svg2\"><metadata><\/metadata><defs id=\"defs3\"><linearGradient x1=\"511.61\" y1=\"1026.9\" x2=\"511.61\" gradientUnits=\"userSpaceOnUse\" y2=\"-.32419\" id=\"l\"><stop id=\"stop6\" offset=\"0\" stop-color=\"#096fd2\"><\/stop><stop id=\"stop8\" offset=\"1\" stop-color=\"#0e8ee9\"><\/stop><\/linearGradient><linearGradient x1=\"412.95\" y1=\"648.08\" x2=\"412.86\" gradientUnits=\"userSpaceOnUse\" y2=\"376.45\" id=\"k\"><stop id=\"stop11\" offset=\"0\" stop-color=\"#096fd2\"><\/stop><stop id=\"stop13\" offset=\"1\" stop-color=\"#0e8ee9\"><\/stop><\/linearGradient><linearGradient x1=\"1391.7\" y1=\"728.91\" x2=\"1391.7\" gradientUnits=\"userSpaceOnUse\" y2=\"293.06\" id=\"j\"><stop id=\"stop16\" offset=\"0\" stop-color=\"#096fd2\"><\/stop><stop id=\"stop18\" offset=\"1\" stop-color=\"#0e8ee9\"><\/stop><\/linearGradient><linearGradient x1=\"2429.5\" y1=\"728.3\" x2=\"2429.5\" gradientUnits=\"userSpaceOnUse\" y2=\"414.01\" id=\"i\"><stop id=\"stop21\" offset=\"0\" stop-color=\"#096fd2\"><\/stop><stop id=\"stop23\" offset=\"1\" stop-color=\"#0e8ee9\"><\/stop><\/linearGradient><linearGradient x1=\"2006.5\" y1=\"735.19\" x2=\"2006.5\" gradientUnits=\"userSpaceOnUse\" y2=\"411.59\" id=\"h\"><stop id=\"stop26\" offset=\"0\" stop-color=\"#096fd2\"><\/stop><stop id=\"stop28\" offset=\"1\" stop-color=\"#0e8ee9\"><\/stop><\/linearGradient><linearGradient x1=\"1678.1\" y1=\"739.55\" x2=\"1680.3\" gradientUnits=\"userSpaceOnUse\" y2=\"410.58\" id=\"g\"><stop id=\"stop31\" offset=\"0\" stop-color=\"#096fd2\"><\/stop><stop id=\"stop33\" offset=\"1\" stop-color=\"#0e8ee9\"><\/stop><\/linearGradient><linearGradient x1=\"4382\" y1=\"728.37\" x2=\"4382\" gradientUnits=\"userSpaceOnUse\" y2=\"413.31\" id=\"f\"><stop id=\"stop36\" offset=\"0\" stop-color=\"#096fd2\"><\/stop><stop id=\"stop38\" offset=\"1\" stop-color=\"#0e8ee9\"><\/stop><\/linearGradient><linearGradient x1=\"4142.3\" y1=\"737.34\" x2=\"4142.3\" gradientUnits=\"userSpaceOnUse\" y2=\"413.59\" id=\"e\"><stop id=\"stop41\" offset=\"0\" stop-color=\"#096fd2\"><\/stop><stop id=\"stop43\" offset=\"1\" stop-color=\"#0e8ee9\"><\/stop><\/linearGradient><linearGradient x1=\"3643.9\" y1=\"728.66\" x2=\"3643.9\" gradientUnits=\"userSpaceOnUse\" y2=\"422.86\" id=\"d\"><stop id=\"stop46\" offset=\"0\" stop-color=\"#096fd2\"><\/stop><stop id=\"stop48\" offset=\"1\" stop-color=\"#0e8ee9\"><\/stop><\/linearGradient><linearGradient x1=\"3319.3\" y1=\"737.36\" x2=\"3319.3\" gradientUnits=\"userSpaceOnUse\" y2=\"413.52\" id=\"c\"><stop id=\"stop51\" offset=\"0\" stop-color=\"#096fd2\"><\/stop><stop id=\"stop53\" offset=\"1\" stop-color=\"#0e8ee9\"><\/stop><\/linearGradient><linearGradient x1=\"2894.1\" y1=\"728.59\" x2=\"2894.1\" gradientUnits=\"userSpaceOnUse\" y2=\"293.71\" id=\"b\"><stop id=\"stop56\" offset=\"0\" stop-color=\"#096fd2\"><\/stop><stop id=\"stop58\" offset=\"1\" stop-color=\"#0e8ee9\"><\/stop><\/linearGradient><linearGradient x1=\"3135.1\" y1=\"728.3\" x2=\"3135.1\" gradientUnits=\"userSpaceOnUse\" y2=\"293.1\" id=\"a\"><stop id=\"stop61\" offset=\"0\" stop-color=\"#096fd2\"><\/stop><stop id=\"stop63\" offset=\"1\" stop-color=\"#0e8ee9\"><\/stop><\/linearGradient><\/defs><g id=\"g65\"><polygon id=\"polygon67\" fill=\"url(#j)\" points=\"1463 728.9 1360 728.9 1360 728.9 1360 375.1 1234 375.1 1234 293.1 1590 293.1 1590 375.1 1463 375.1\" class=\"cls-3\" transform=\"translate(-.4963 -.45)\"><\/polygon><path id=\"path69\" fill=\"url(#g)\" class=\"cls-4\" d=\"m1678 739.6c-26.62 0-76.13-5-108.6-38.74-26.39-27.53-39.76-67.77-39.76-119.6 0-66.69 21.57-115.5 64.1-145 25.23-16.81 55.15-25.7 86.59-25.7 33 0 93 9.72 124.9 74.83 16.64 36.67 19.8 77.2 17.92 116.9h-198.6c0.77 30.63 6.79 66.67 54.59 67.67 26.07 0.6471 40.8-12.36 47.09-41.07h90l-0.52 6.26c-1 12.09-3.37 40.39-29.74 68.05-21.9 23.17-61.29 36.44-108 36.44zm45.16-203.4c-1.12-26.22-10.45-54.76-45.74-54.76-38.13 0-47.37 34.55-49.5 54.76h95.25z\"><\/path><path id=\"path71\" fill=\"url(#h)\" class=\"cls-5\" d=\"m1969 735.5c-67.67 2.351-104.7-39.89-105.5-94.38 0-24.94 8.59-70.77 66.14-97.37 33.67-11.37 45.33-14.17 114-16.93l0.9246 62.12c-98.51-2.157-95.45 51.62-70.62 72.06 22.67 18.66 74.04 6.651 70.46-72.22l-2-62c-0.13-15.28-0.9-23-3.79-31.72-6.92-19.7-28.91-20.7-33.25-20.7-11.63 0-22.13 5.2-28.1 13.92-5.44 8.42-5.44 16.58-5.44 23.15v5.77h-96.86l0.22-6c0.55-14.94 1.85-49.93 35.86-74.31 23.25-16.68 54.59-25.14 93.15-25.14 28.16 0 79.89 5.21 110 40.15 21.94 26.45 21.94 64.15 21.94 76.54l0.6 119.2c0 28 2.26 52.22 6.91 73.93l1.5 7-89.61 0.3536c-1.986-3-3.794-30.08-3.794-30.08l-0.664 0.007c-1.195 6.153-34.15 35.15-70.99 36.7\"><\/path><path id=\"path73\" fill=\"url(#i)\" class=\"cls-6\" d=\"m2581 728.4v-180.1c0-36.68-7.5-61.12-44.1-61.12-44.12 0-47.62 37.68-47.62 86.94v154.2h-99v-181.8c0-28.72-3.32-59.36-42.93-59.36-48.8 0-48.8 41.28-48.8 61.12v180.1h-99v-246.4c0-16.48-0.92-34-2.91-55.21l-0.59-6.31h95.6l2.22 28.8c13.6-15.17 39.26-35.26 86.91-35.26 31.25 0 71.73 8.83 93.75 49.11 20.62-32.66 51.62-48.51 94.62-48.51 61.05 0 87.07 35.33 95.43 50.52 15.56 25.35 15.46 60 15.39 85.22v178h-99z\"><\/path><polygon id=\"polygon75\" fill=\"url(#b)\" points=\"2896 669.2 3027 293.7 3078 293.7 2920 728.9 2869 728.9 2869 728.9 2710 293.7 2764 293.7\" class=\"cls-7\" transform=\"translate(-.4963 -.45)\"><\/polygon><path id=\"path77\" fill=\"url(#a)\" class=\"cls-8\" d=\"m3114 728.4v-306.1h46.76v306.1h-46.76zm-2.94-379.7v-55.55h52.63v55.56h-52.63z\"><\/path><path id=\"path79\" fill=\"url(#c)\" class=\"cls-9\" d=\"m3357 737.3c-93.17 0-134.9-81.3-134.9-161.9 0-78 42.94-161.9 137.2-161.9 91.61 0.8202 140.2 61.96 140.2 175.8h-227.5c1.82 35.46 15.75 104 96.12 104 38.34 0 71-27.09 79.45-65.87l1-4.55h49.08c-23.68 103-87.84 112.9-140.7 114.2zm92.26-191.7c-6.08-56.16-38.38-88.21-89.33-88.21-55.08 0-80.52 46.16-86.25 88.21z\"><\/path><polygon id=\"polygon81\" fill=\"url(#d)\" points=\"3736 422.8 3785 422.8 3869 658.6 3950 422.8 4002 422.8 3888 728.9 3846 728.9 3846 728.9 3759 484.5 3670 728.9 3627 728.9 3514 422.8 3565 422.8 3650 661.2\" class=\"cls-10\" transform=\"translate(-.4963 -.45)\"><\/polygon><path id=\"path83\" fill=\"url(#e)\" class=\"cls-11\" d=\"m4148 737.3c-93.17 0-134.9-81.3-134.9-161.9 0-78 42.94-161.9 137.2-161.9 96.56 0.1131 141.2 70.8 140.2 175.8h-227.5c1.82 35.46 15.75 104 96.12 104 38.59-0.9357 69.49-21.79 80.45-70.42h49.08c-24.04 100.9-88.54 113.3-140.7 114.2zm92.26-191.7c-6.08-56.16-38.38-88.21-89.33-88.21-55.08 0-80.52 46.16-86.25 88.21z\"><\/path><path id=\"path85\" fill=\"url(#f)\" class=\"cls-12\" d=\"m4357 728.4v-234c0.403-23.37-1.677-44.56-2.92-65.97l-0.36-6.11h48.05l1.15 28.52c14.24-22 37.44-36.32 62.31-37.32 3.48-0.18 7-0.25 10.55-0.25 8.4 0 16.87 0.42 25.06 0.83l5.49 0.27 0.12 5.5v40.31c-81.91-13.99-100.2 39.47-101.2 77.6l-2 190.6\"><\/path><path id=\"path87\" fill=\"url(#l)\" class=\"cls-1\" d=\"m917 0.00000513h-811.2a107.2 105.8 0 0 0 -105.8 106.3v811.4a107.2 105.8 0 0 0 106.4 106.3h811.2a107.2 105.8 0 0 0 106.4 -106.3v-811.4a107.2 105.8 0 0 0 -107 -106.3zm-405.4 935.4a426.2 420.6 0 0 1 -422.9 -423.4 426.2 420.6 0 0 1 422.9 -423.4 426.2 420.6 0 0 1 423.2 423.4 426.2 420.6 0 0 1 -423.2 423.4z\"><\/path><path id=\"path89\" fill=\"url(#k)\" class=\"cls-1\" d=\"m904.2 512-293.5-135.7 23.58 86.95h-245.2l23.58-86.95-293.5 135.8 293.7 135.7-23.58-86.95h245.2l-23.58 86.95 293.3-135.7\"><\/path><\/g><\/svg>\t\t\t<\/a>\n\t\t<\/div>\n\t\t\t\t\t\t<\/div>\n\t\t\t\t<\/div>\n\t\t\t\t<div class=\"elementor-element elementor-element-bd797e3 elementor-widget elementor-widget-spacer\" data-id=\"bd797e3\" data-element_type=\"widget\" data-widget_type=\"spacer.default\">\n\t\t\t\t<div class=\"elementor-widget-container\">\n\t\t\t\t\t\t\t<div class=\"elementor-spacer\">\n\t\t\t<div class=\"elementor-spacer-inner\"><\/div>\n\t\t<\/div>\n\t\t\t\t\t\t<\/div>\n\t\t\t\t<\/div>\n\t\t\t\t\t<\/div>\n\t\t<\/div>\n\t\t\t\t<div class=\"elementor-column elementor-col-50 elementor-top-column elementor-element elementor-element-977c28c\" data-id=\"977c28c\" data-element_type=\"column\">\n\t\t\t<div class=\"elementor-widget-wrap elementor-element-populated\">\n\t\t\t\t\t\t<div class=\"elementor-element elementor-element-b2b7126 elementor-widget elementor-widget-heading\" data-id=\"b2b7126\" data-element_type=\"widget\" data-widget_type=\"heading.default\">\n\t\t\t\t<div class=\"elementor-widget-container\">\n\t\t\t\t\t<h2 class=\"elementor-heading-title elementor-size-large\">Sie ben\u00f6tigen Hilfe?\n \nRufen Sie unsere Servicehotline an \n\n0271 8806699<\/h2>\t\t\t\t<\/div>\n\t\t\t\t<\/div>\n\t\t\t\t<div class=\"elementor-element elementor-element-d09175d elementor-widget elementor-widget-heading\" data-id=\"d09175d\" data-element_type=\"widget\" data-widget_type=\"heading.default\">\n\t\t\t\t<div class=\"elementor-widget-container\">\n\t\t\t\t\t<h2 class=\"elementor-heading-title elementor-size-large\">Sie ben\u00f6tigen Hilfe am Computer?\nDann k\u00f6nnen wir vielleicht online helfen?<\/h2>\t\t\t\t<\/div>\n\t\t\t\t<\/div>\n\t\t\t\t<div class=\"elementor-element elementor-element-2402af9 elementor-widget elementor-widget-heading\" data-id=\"2402af9\" data-element_type=\"widget\" data-widget_type=\"heading.default\">\n\t\t\t\t<div class=\"elementor-widget-container\">\n\t\t\t\t\t<h2 class=\"elementor-heading-title elementor-size-large\">Haben Sie schon Teamviewer auf Ihrem PC installiert? \nNennen sie dem Servicemitarbeiter IHRE ID und das angezeigte PASSWORT.<\/h2>\t\t\t\t<\/div>\n\t\t\t\t<\/div>\n\t\t\t\t\t<\/div>\n\t\t<\/div>\n\t\t\t\t\t<\/div>\n\t\t<\/section>\n\t\t\t\t<\/div>\n\t\t","protected":false},"excerpt":{"rendered":"<p>Sie ben\u00f6tigen Hilfe? Rufen Sie unsere Servicehotline an 0271 8806699 Sie ben\u00f6tigen Hilfe am Computer? Dann k\u00f6nnen wir vielleicht online helfen? Haben Sie schon Teamviewer auf Ihrem PC installiert? Nennen [&hellip;]<\/p>\n","protected":false},"author":1,"featured_media":0,"parent":0,"menu_order":0,"comment_status":"closed","ping_status":"closed","template":"","meta":{"ocean_post_layout":"","ocean_both_sidebars_style":"","ocean_both_sidebars_content_width":0,"ocean_both_sidebars_sidebars_width":0,"ocean_sidebar":"","ocean_second_sidebar":"","ocean_disable_margins":"enable","ocean_add_body_class":"","ocean_shortcode_before_top_bar":"","ocean_shortcode_after_top_bar":"","ocean_shortcode_before_header":"","ocean_shortcode_after_header":"","ocean_has_shortcode":"","ocean_shortcode_after_title":"","ocean_shortcode_before_footer_widgets":"","ocean_shortcode_after_footer_widgets":"","ocean_shortcode_before_footer_bottom":"","ocean_shortcode_after_footer_bottom":"","ocean_display_top_bar":"default","ocean_display_header":"default","ocean_header_style":"","ocean_center_header_left_menu":"","ocean_custom_header_template":"","ocean_custom_logo":0,"ocean_custom_retina_logo":0,"ocean_custom_logo_max_width":0,"ocean_custom_logo_tablet_max_width":0,"ocean_custom_logo_mobile_max_width":0,"ocean_custom_logo_max_height":0,"ocean_custom_logo_tablet_max_height":0,"ocean_custom_logo_mobile_max_height":0,"ocean_header_custom_menu":"","ocean_menu_typo_font_family":"","ocean_menu_typo_font_subset":"","ocean_menu_typo_font_size":0,"ocean_menu_typo_font_size_tablet":0,"ocean_menu_typo_font_size_mobile":0,"ocean_menu_typo_font_size_unit":"px","ocean_menu_typo_font_weight":"","ocean_menu_typo_font_weight_tablet":"","ocean_menu_typo_font_weight_mobile":"","ocean_menu_typo_transform":"","ocean_menu_typo_transform_tablet":"","ocean_menu_typo_transform_mobile":"","ocean_menu_typo_line_height":0,"ocean_menu_typo_line_height_tablet":0,"ocean_menu_typo_line_height_mobile":0,"ocean_menu_typo_line_height_unit":"","ocean_menu_typo_spacing":0,"ocean_menu_typo_spacing_tablet":0,"ocean_menu_typo_spacing_mobile":0,"ocean_menu_typo_spacing_unit":"","ocean_menu_link_color":"","ocean_menu_link_color_hover":"","ocean_menu_link_color_active":"","ocean_menu_link_background":"","ocean_menu_link_hover_background":"","ocean_menu_link_active_background":"","ocean_menu_social_links_bg":"","ocean_menu_social_hover_links_bg":"","ocean_menu_social_links_color":"","ocean_menu_social_hover_links_color":"","ocean_disable_title":"default","ocean_disable_heading":"default","ocean_post_title":"","ocean_post_subheading":"","ocean_post_title_style":"","ocean_post_title_background_color":"","ocean_post_title_background":0,"ocean_post_title_bg_image_position":"","ocean_post_title_bg_image_attachment":"","ocean_post_title_bg_image_repeat":"","ocean_post_title_bg_image_size":"","ocean_post_title_height":0,"ocean_post_title_bg_overlay":0.5,"ocean_post_title_bg_overlay_color":"","ocean_disable_breadcrumbs":"default","ocean_breadcrumbs_color":"","ocean_breadcrumbs_separator_color":"","ocean_breadcrumbs_links_color":"","ocean_breadcrumbs_links_hover_color":"","ocean_display_footer_widgets":"default","ocean_display_footer_bottom":"default","ocean_custom_footer_template":"","footnotes":""},"_links":{"self":[{"href":"https:\/\/kohnwaagen.de\/index.php?rest_route=\/wp\/v2\/pages\/26"}],"collection":[{"href":"https:\/\/kohnwaagen.de\/index.php?rest_route=\/wp\/v2\/pages"}],"about":[{"href":"https:\/\/kohnwaagen.de\/index.php?rest_route=\/wp\/v2\/types\/page"}],"author":[{"embeddable":true,"href":"https:\/\/kohnwaagen.de\/index.php?rest_route=\/wp\/v2\/users\/1"}],"replies":[{"embeddable":true,"href":"https:\/\/kohnwaagen.de\/index.php?rest_route=%2Fwp%2Fv2%2Fcomments&post=26"}],"version-history":[{"count":22,"href":"https:\/\/kohnwaagen.de\/index.php?rest_route=\/wp\/v2\/pages\/26\/revisions"}],"predecessor-version":[{"id":236,"href":"https:\/\/kohnwaagen.de\/index.php?rest_route=\/wp\/v2\/pages\/26\/revisions\/236"}],"wp:attachment":[{"href":"https:\/\/kohnwaagen.de\/index.php?rest_route=%2Fwp%2Fv2%2Fmedia&parent=26"}],"curies":[{"name":"wp","href":"https:\/\/api.w.org\/{rel}","templated":true}]}}